{"id":1463,"date":"2013-07-17T07:56:47","date_gmt":"2013-07-17T07:56:47","guid":{"rendered":"http:\/\/www.snapform.com\/en\/?page_id=1463"},"modified":"2024-01-19T07:53:34","modified_gmt":"2024-01-19T07:53:34","slug":"snapform-designer","status":"publish","type":"page","link":"https:\/\/www.snapform.com\/fr\/snapform-designer\/","title":{"rendered":"Snapform Designer"},"content":{"rendered":"","protected":false},"excerpt":{"rendered":"","protected":false},"author":2,"featured_media":0,"parent":0,"menu_order":13,"comment_status":"closed","ping_status":"closed","template":"","meta":[],"yoast_head":"<!-- This site is optimized with the Yoast SEO plugin v19.7.1 - https:\/\/yoast.com\/wordpress\/plugins\/seo\/ -->\n<title>Snapform Designer<\/title>\n<meta name=\"description\" content=\"Transformez vos formulaires papier et vos fichiers PDF en formulaires \u00e9lectroniques interactifs. Cr\u00e9ez et distribuez des formulaires \u00e9lectroniques faciles \u00e0 utiliser en un clin d\u2019\u0153il! Recueillez des donn\u00e9es \u00e0 l\u2019aide de Snapform Viewer, gratuitement et ind\u00e9pendamment de la plate-forme.\" \/>\n<meta name=\"robots\" content=\"noindex, follow, max-snippet:-1, max-image-preview:large, max-video-preview:-1\" \/>\n<script type=\"application\/ld+json\" class=\"yoast-schema-graph\">{\"@context\":\"https:\/\/schema.org\",\"@graph\":[{\"@type\":\"WebPage\",\"@id\":\"https:\/\/www.snapform.com\/fr\/snapform-designer\/\",\"url\":\"https:\/\/www.snapform.com\/fr\/snapform-designer\/\",\"name\":\"Snapform Designer\",\"isPartOf\":{\"@id\":\"https:\/\/www.snapform.com\/fr\/#website\"},\"datePublished\":\"2013-07-17T07:56:47+00:00\",\"dateModified\":\"2024-01-19T07:53:34+00:00\",\"description\":\"Transformez vos formulaires papier et vos fichiers PDF en formulaires \u00e9lectroniques interactifs. Cr\u00e9ez et distribuez des formulaires \u00e9lectroniques faciles \u00e0 utiliser en un clin d\u2019\u0153il! Recueillez des donn\u00e9es \u00e0 l\u2019aide de Snapform Viewer, gratuitement et ind\u00e9pendamment de la plate-forme.\",\"breadcrumb\":{\"@id\":\"https:\/\/www.snapform.com\/fr\/snapform-designer\/#breadcrumb\"},\"inLanguage\":\"en-US\",\"potentialAction\":[{\"@type\":\"ReadAction\",\"target\":[\"https:\/\/www.snapform.com\/fr\/snapform-designer\/\"]}]},{\"@type\":\"BreadcrumbList\",\"@id\":\"https:\/\/www.snapform.com\/fr\/snapform-designer\/#breadcrumb\",\"itemListElement\":[{\"@type\":\"ListItem\",\"position\":1,\"name\":\"Home\",\"item\":\"https:\/\/www.snapform.com\/fr\/\"},{\"@type\":\"ListItem\",\"position\":2,\"name\":\"Snapform Designer\"}]},{\"@type\":\"WebSite\",\"@id\":\"https:\/\/www.snapform.com\/fr\/#website\",\"url\":\"https:\/\/www.snapform.com\/fr\/\",\"name\":\"French\",\"description\":\"Just another Snapform Sites site\",\"potentialAction\":[{\"@type\":\"SearchAction\",\"target\":{\"@type\":\"EntryPoint\",\"urlTemplate\":\"https:\/\/www.snapform.com\/fr\/?s={search_term_string}\"},\"query-input\":\"required name=search_term_string\"}],\"inLanguage\":\"en-US\"}]}<\/script>\n<!-- \/ Yoast SEO plugin. -->","yoast_head_json":{"title":"Snapform Designer","description":"Transformez vos formulaires papier et vos fichiers PDF en formulaires \u00e9lectroniques interactifs. Cr\u00e9ez et distribuez des formulaires \u00e9lectroniques faciles \u00e0 utiliser en un clin d\u2019\u0153il! Recueillez des donn\u00e9es \u00e0 l\u2019aide de Snapform Viewer, gratuitement et ind\u00e9pendamment de la plate-forme.","robots":{"index":"noindex","follow":"follow","max-snippet":"max-snippet:-1","max-image-preview":"max-image-preview:large","max-video-preview":"max-video-preview:-1"},"schema":{"@context":"https:\/\/schema.org","@graph":[{"@type":"WebPage","@id":"https:\/\/www.snapform.com\/fr\/snapform-designer\/","url":"https:\/\/www.snapform.com\/fr\/snapform-designer\/","name":"Snapform Designer","isPartOf":{"@id":"https:\/\/www.snapform.com\/fr\/#website"},"datePublished":"2013-07-17T07:56:47+00:00","dateModified":"2024-01-19T07:53:34+00:00","description":"Transformez vos formulaires papier et vos fichiers PDF en formulaires \u00e9lectroniques interactifs. Cr\u00e9ez et distribuez des formulaires \u00e9lectroniques faciles \u00e0 utiliser en un clin d\u2019\u0153il! Recueillez des donn\u00e9es \u00e0 l\u2019aide de Snapform Viewer, gratuitement et ind\u00e9pendamment de la plate-forme.","breadcrumb":{"@id":"https:\/\/www.snapform.com\/fr\/snapform-designer\/#breadcrumb"},"inLanguage":"en-US","potentialAction":[{"@type":"ReadAction","target":["https:\/\/www.snapform.com\/fr\/snapform-designer\/"]}]},{"@type":"BreadcrumbList","@id":"https:\/\/www.snapform.com\/fr\/snapform-designer\/#breadcrumb","itemListElement":[{"@type":"ListItem","position":1,"name":"Home","item":"https:\/\/www.snapform.com\/fr\/"},{"@type":"ListItem","position":2,"name":"Snapform Designer"}]},{"@type":"WebSite","@id":"https:\/\/www.snapform.com\/fr\/#website","url":"https:\/\/www.snapform.com\/fr\/","name":"French","description":"Just another Snapform Sites site","potentialAction":[{"@type":"SearchAction","target":{"@type":"EntryPoint","urlTemplate":"https:\/\/www.snapform.com\/fr\/?s={search_term_string}"},"query-input":"required name=search_term_string"}],"inLanguage":"en-US"}]}},"acf":[],"_links":{"self":[{"href":"https:\/\/www.snapform.com\/fr\/wp-json\/wp\/v2\/pages\/1463"}],"collection":[{"href":"https:\/\/www.snapform.com\/fr\/wp-json\/wp\/v2\/pages"}],"about":[{"href":"https:\/\/www.snapform.com\/fr\/wp-json\/wp\/v2\/types\/page"}],"author":[{"embeddable":true,"href":"https:\/\/www.snapform.com\/fr\/wp-json\/wp\/v2\/users\/2"}],"replies":[{"embeddable":true,"href":"https:\/\/www.snapform.com\/fr\/wp-json\/wp\/v2\/comments?post=1463"}],"version-history":[{"count":0,"href":"https:\/\/www.snapform.com\/fr\/wp-json\/wp\/v2\/pages\/1463\/revisions"}],"wp:attachment":[{"href":"https:\/\/www.snapform.com\/fr\/wp-json\/wp\/v2\/media?parent=1463"}],"curies":[{"name":"wp","href":"https:\/\/api.w.org\/{rel}","templated":true}]}}