{"id":215,"date":"2013-06-12T09:34:14","date_gmt":"2013-06-12T09:34:14","guid":{"rendered":"http:\/\/www.snapform.com\/en\/?page_id=215"},"modified":"2019-04-23T14:45:06","modified_gmt":"2019-04-23T14:45:06","slug":"la-societe","status":"publish","type":"page","link":"https:\/\/www.snapform.com\/fr\/la-societe\/","title":{"rendered":"La soci\u00e9t\u00e9"},"content":{"rendered":"","protected":false},"excerpt":{"rendered":"","protected":false},"author":2,"featured_media":0,"parent":0,"menu_order":3,"comment_status":"closed","ping_status":"closed","template":"","meta":[],"yoast_head":"<!-- This site is optimized with the Yoast SEO plugin v19.7.1 - https:\/\/yoast.com\/wordpress\/plugins\/seo\/ -->\n<title>La soci\u00e9t\u00e9<\/title>\n<meta name=\"description\" content=\"Ringler Informatik SA est un fabricant de logiciels implant\u00e9 en Suisse. La soci\u00e9t\u00e9 d\u00e9veloppe des logiciels standards et des solutions sur mesure pour les formulaires \u00e9lectroniques et les processus op\u00e9rationnels bas\u00e9s sur des formulaires.\" \/>\n<meta name=\"robots\" content=\"noindex, follow, max-snippet:-1, max-image-preview:large, max-video-preview:-1\" \/>\n<script type=\"application\/ld+json\" class=\"yoast-schema-graph\">{\"@context\":\"https:\/\/schema.org\",\"@graph\":[{\"@type\":\"WebPage\",\"@id\":\"https:\/\/www.snapform.com\/fr\/la-societe\/\",\"url\":\"https:\/\/www.snapform.com\/fr\/la-societe\/\",\"name\":\"La soci\u00e9t\u00e9\",\"isPartOf\":{\"@id\":\"https:\/\/www.snapform.com\/fr\/#website\"},\"datePublished\":\"2013-06-12T09:34:14+00:00\",\"dateModified\":\"2019-04-23T14:45:06+00:00\",\"description\":\"Ringler Informatik SA est un fabricant de logiciels implant\u00e9 en Suisse. La soci\u00e9t\u00e9 d\u00e9veloppe des logiciels standards et des solutions sur mesure pour les formulaires \u00e9lectroniques et les processus op\u00e9rationnels bas\u00e9s sur des formulaires.\",\"breadcrumb\":{\"@id\":\"https:\/\/www.snapform.com\/fr\/la-societe\/#breadcrumb\"},\"inLanguage\":\"en-US\",\"potentialAction\":[{\"@type\":\"ReadAction\",\"target\":[\"https:\/\/www.snapform.com\/fr\/la-societe\/\"]}]},{\"@type\":\"BreadcrumbList\",\"@id\":\"https:\/\/www.snapform.com\/fr\/la-societe\/#breadcrumb\",\"itemListElement\":[{\"@type\":\"ListItem\",\"position\":1,\"name\":\"Home\",\"item\":\"https:\/\/www.snapform.com\/fr\/\"},{\"@type\":\"ListItem\",\"position\":2,\"name\":\"La soci\u00e9t\u00e9\"}]},{\"@type\":\"WebSite\",\"@id\":\"https:\/\/www.snapform.com\/fr\/#website\",\"url\":\"https:\/\/www.snapform.com\/fr\/\",\"name\":\"French\",\"description\":\"Just another Snapform Sites site\",\"potentialAction\":[{\"@type\":\"SearchAction\",\"target\":{\"@type\":\"EntryPoint\",\"urlTemplate\":\"https:\/\/www.snapform.com\/fr\/?s={search_term_string}\"},\"query-input\":\"required name=search_term_string\"}],\"inLanguage\":\"en-US\"}]}<\/script>\n<!-- \/ Yoast SEO plugin. -->","yoast_head_json":{"title":"La soci\u00e9t\u00e9","description":"Ringler Informatik SA est un fabricant de logiciels implant\u00e9 en Suisse. La soci\u00e9t\u00e9 d\u00e9veloppe des logiciels standards et des solutions sur mesure pour les formulaires \u00e9lectroniques et les processus op\u00e9rationnels bas\u00e9s sur des formulaires.","robots":{"index":"noindex","follow":"follow","max-snippet":"max-snippet:-1","max-image-preview":"max-image-preview:large","max-video-preview":"max-video-preview:-1"},"schema":{"@context":"https:\/\/schema.org","@graph":[{"@type":"WebPage","@id":"https:\/\/www.snapform.com\/fr\/la-societe\/","url":"https:\/\/www.snapform.com\/fr\/la-societe\/","name":"La soci\u00e9t\u00e9","isPartOf":{"@id":"https:\/\/www.snapform.com\/fr\/#website"},"datePublished":"2013-06-12T09:34:14+00:00","dateModified":"2019-04-23T14:45:06+00:00","description":"Ringler Informatik SA est un fabricant de logiciels implant\u00e9 en Suisse. La soci\u00e9t\u00e9 d\u00e9veloppe des logiciels standards et des solutions sur mesure pour les formulaires \u00e9lectroniques et les processus op\u00e9rationnels bas\u00e9s sur des formulaires.","breadcrumb":{"@id":"https:\/\/www.snapform.com\/fr\/la-societe\/#breadcrumb"},"inLanguage":"en-US","potentialAction":[{"@type":"ReadAction","target":["https:\/\/www.snapform.com\/fr\/la-societe\/"]}]},{"@type":"BreadcrumbList","@id":"https:\/\/www.snapform.com\/fr\/la-societe\/#breadcrumb","itemListElement":[{"@type":"ListItem","position":1,"name":"Home","item":"https:\/\/www.snapform.com\/fr\/"},{"@type":"ListItem","position":2,"name":"La soci\u00e9t\u00e9"}]},{"@type":"WebSite","@id":"https:\/\/www.snapform.com\/fr\/#website","url":"https:\/\/www.snapform.com\/fr\/","name":"French","description":"Just another Snapform Sites site","potentialAction":[{"@type":"SearchAction","target":{"@type":"EntryPoint","urlTemplate":"https:\/\/www.snapform.com\/fr\/?s={search_term_string}"},"query-input":"required name=search_term_string"}],"inLanguage":"en-US"}]}},"acf":[],"_links":{"self":[{"href":"https:\/\/www.snapform.com\/fr\/wp-json\/wp\/v2\/pages\/215"}],"collection":[{"href":"https:\/\/www.snapform.com\/fr\/wp-json\/wp\/v2\/pages"}],"about":[{"href":"https:\/\/www.snapform.com\/fr\/wp-json\/wp\/v2\/types\/page"}],"author":[{"embeddable":true,"href":"https:\/\/www.snapform.com\/fr\/wp-json\/wp\/v2\/users\/2"}],"replies":[{"embeddable":true,"href":"https:\/\/www.snapform.com\/fr\/wp-json\/wp\/v2\/comments?post=215"}],"version-history":[{"count":0,"href":"https:\/\/www.snapform.com\/fr\/wp-json\/wp\/v2\/pages\/215\/revisions"}],"wp:attachment":[{"href":"https:\/\/www.snapform.com\/fr\/wp-json\/wp\/v2\/media?parent=215"}],"curies":[{"name":"wp","href":"https:\/\/api.w.org\/{rel}","templated":true}]}}